{"id":24,"date":"2018-07-10T13:10:13","date_gmt":"2018-07-10T13:10:13","guid":{"rendered":"https:\/\/www.raffiniert.ch\/?page_id=24"},"modified":"2018-07-11T12:31:57","modified_gmt":"2018-07-11T12:31:57","slug":"startseite","status":"publish","type":"page","link":"https:\/\/www.raffiniert.ch\/","title":{"rendered":"Startseite"},"content":{"rendered":"<h1><span style=\"color: #808080;\"><strong>raffiniert\u00a0<\/strong><\/span><\/h1>\n<p><span style=\"color: #000000;\"><strong>Unlimitiert\u00a0 <\/strong><\/span><span style=\"color: #000000;\">Ob Kunstobjekt, Designmodell, Landschaftsrelief oder technischer Formenbau \u2013 Ihre Aufgabe ist unsere Passion<\/span><\/p>\n<p><strong><span style=\"color: #000000;\">Koordiniert <\/span><\/strong><span style=\"color: #000000;\">Von der Konstruktion bis zum gefr\u00e4sten Endprodukt<\/span><\/p>\n<p><strong>Engagiert <\/strong>Verr\u00fcckte Idee? Formenbau Graf bietet Ihnen raffinierte L\u00f6sungen die Sie verbl\u00fcffen<\/p>\n<p><strong>Interessiert <\/strong>Ein Anruf gen\u00fcgt, ganz unkompliziert<\/p>\n","protected":false},"excerpt":{"rendered":"<p>raffiniert\u00a0 Unlimitiert\u00a0 Ob Kunstobjekt, Designmodell, Landschaftsrelief oder technischer Formenbau \u2013 Ihre Aufgabe ist unsere Passion Koordiniert Von der Konstruktion bis zum gefr\u00e4sten Endprodukt Engagiert Verr\u00fcckte Idee? Formenbau Graf bietet Ihnen raffinierte L\u00f6sungen die Sie verbl\u00fcffen Interessiert Ein Anruf gen\u00fcgt, ganz unkompliziert<\/p>\n","protected":false},"author":1,"featured_media":0,"parent":0,"menu_order":0,"comment_status":"closed","ping_status":"closed","template":"","meta":{"jetpack_post_was_ever_published":false},"jetpack_sharing_enabled":true,"jetpack_shortlink":"https:\/\/wp.me\/Pa46qE-o","_links":{"self":[{"href":"https:\/\/www.raffiniert.ch\/index.php?rest_route=\/wp\/v2\/pages\/24"}],"collection":[{"href":"https:\/\/www.raffiniert.ch\/index.php?rest_route=\/wp\/v2\/pages"}],"about":[{"href":"https:\/\/www.raffiniert.ch\/index.php?rest_route=\/wp\/v2\/types\/page"}],"author":[{"embeddable":true,"href":"https:\/\/www.raffiniert.ch\/index.php?rest_route=\/wp\/v2\/users\/1"}],"replies":[{"embeddable":true,"href":"https:\/\/www.raffiniert.ch\/index.php?rest_route=%2Fwp%2Fv2%2Fcomments&post=24"}],"version-history":[{"count":6,"href":"https:\/\/www.raffiniert.ch\/index.php?rest_route=\/wp\/v2\/pages\/24\/revisions"}],"predecessor-version":[{"id":153,"href":"https:\/\/www.raffiniert.ch\/index.php?rest_route=\/wp\/v2\/pages\/24\/revisions\/153"}],"wp:attachment":[{"href":"https:\/\/www.raffiniert.ch\/index.php?rest_route=%2Fwp%2Fv2%2Fmedia&parent=24"}],"curies":[{"name":"wp","href":"https:\/\/api.w.org\/{rel}","templated":true}]}}